{"id":156,"date":"2018-12-26T14:11:14","date_gmt":"2018-12-26T13:11:14","guid":{"rendered":"https:\/\/CA1AECE2-8677-4F18-9193-7A33E9F02902"},"modified":"2019-02-23T23:02:20","modified_gmt":"2019-02-23T22:02:20","slug":"news","status":"publish","type":"page","link":"https:\/\/lawofficealeksic.rs\/en\/news\/","title":{"rendered":"News"},"content":{"rendered":"<p>[et_pb_section bb_built=&#8217;1&#8242; _builder_version=&#8217;3.17.1&#8242; custom_css_main_element=&#8217;overflow: hidden;&#8217; custom_padding=&#8217;||80px|&#8217;][et_pb_row _builder_version=&#8217;3.17.1&#8242; padding_top_2=&#8217;20px&#8217; module_class_2=&#8217;news-sidebar&#8217; module_class=&#8217;news-row&#8217;][et_pb_column type=&#8217;2_3&#8242;][et_pb_text admin_label=&#8217;Header&#8217; _builder_version=&#8217;3.17.1&#8242; header_font=&#8217;Playfair Display||||||||&#8217; header_text_color=&#8217;#bb9b5f&#8217; header_font_size=&#8217;60px&#8217; header_line_height=&#8217;1.5em&#8217; custom_margin=&#8217;-14px||29px|&#8217;]<\/p>\n<h1>News<\/h1>\n<p>[\/et_pb_text][et_pb_text admin_label=&#8217;News view&#8217; _builder_version=&#8217;3.17.1&#8242;]<\/p>\n<form autocomplete=\"off\" name=\"wpv-filter-734\" action=\"\/en\/wp-json\/wp\/v2\/pages\/156?wpv_view_count=734\" method=\"get\" class=\"wpv-filter-form js-wpv-filter-form js-wpv-filter-form-734 js-wpv-form-full\" data-viewnumber=\"734\" data-viewid=\"734\" data-viewhash=\"eyJuYW1lIjoibmV3cy12aWV3In0=\" data-viewwidgetid=\"0\" data-orderby=\"\" data-order=\"\" data-orderbyas=\"\" data-orderbysecond=\"\" data-ordersecond=\"\" data-parametric=\"{&quot;query&quot;:&quot;normal&quot;,&quot;id&quot;:734,&quot;view_id&quot;:734,&quot;widget_id&quot;:0,&quot;view_hash&quot;:&quot;734&quot;,&quot;action&quot;:&quot;\\\/en\\\/wp-json\\\/wp\\\/v2\\\/pages\\\/156?wpv_view_count=734&quot;,&quot;sort&quot;:{&quot;orderby&quot;:&quot;&quot;,&quot;order&quot;:&quot;&quot;,&quot;orderby_as&quot;:&quot;&quot;,&quot;orderby_second&quot;:&quot;&quot;,&quot;order_second&quot;:&quot;&quot;},&quot;orderby&quot;:&quot;&quot;,&quot;order&quot;:&quot;&quot;,&quot;orderby_as&quot;:&quot;&quot;,&quot;orderby_second&quot;:&quot;&quot;,&quot;order_second&quot;:&quot;&quot;,&quot;ajax_form&quot;:&quot;&quot;,&quot;ajax_results&quot;:&quot;&quot;,&quot;effect&quot;:&quot;fade&quot;,&quot;prebefore&quot;:&quot;&quot;,&quot;before&quot;:&quot;&quot;,&quot;after&quot;:&quot;&quot;,&quot;attributes&quot;:[],&quot;environment&quot;:{&quot;current_post_id&quot;:156,&quot;parent_post_id&quot;:156,&quot;parent_term_id&quot;:0,&quot;parent_user_id&quot;:0,&quot;archive&quot;:{&quot;type&quot;:&quot;&quot;,&quot;name&quot;:&quot;&quot;,&quot;data&quot;:[]}},&quot;loop&quot;:{&quot;type&quot;:&quot;&quot;,&quot;name&quot;:&quot;&quot;,&quot;data&quot;:[],&quot;id&quot;:0}}\" data-attributes=\"[]\" data-environment=\"{&quot;current_post_id&quot;:156,&quot;parent_post_id&quot;:156,&quot;parent_term_id&quot;:0,&quot;parent_user_id&quot;:0,&quot;archive&quot;:{&quot;type&quot;:&quot;&quot;,&quot;name&quot;:&quot;&quot;,&quot;data&quot;:[]}}\"><input type=\"hidden\" class=\"js-wpv-dps-filter-data js-wpv-filter-data-for-this-form\" data-action=\"\/en\/wp-json\/wp\/v2\/pages\/156?wpv_view_count=734\" data-page=\"1\" data-ajax=\"disable\" data-effect=\"fade\" data-maxpages=\"9\" data-ajaxprebefore=\"\" data-ajaxbefore=\"\" data-ajaxafter=\"\" \/><input class=\"wpv_view_count wpv_view_count-734\" type=\"hidden\" name=\"wpv_view_count\" value=\"734\" \/>\n<ul class=\"wpv-pagination-nav-links-container js-wpv-pagination-nav-links-container pagination\"><li class=\"wpv-pagination-nav-links-item js-wpv-pagination-nav-links-item page-item wpv-page-link-734-1 js-wpv-page-link-734-1 wpv_page_current wpv-pagination-nav-links-item-current active\"><span class=\"wpv-filter-pagination-link page-link\">1<\/span><\/li><li class=\"wpv-pagination-nav-links-item js-wpv-pagination-nav-links-item page-item wpv-page-link-734-2 js-wpv-page-link-734-2\"><a class=\"wpv-filter-pagination-link js-wpv-pagination-link page-link\" title=\"2\" href=\"\/en\/wp-json\/wp\/v2\/pages\/156?wpv_view_count=734&#038;wpv_paged=2\" data-viewnumber=\"734\" data-page=\"2\">2<\/a><\/li><li class=\"wpv-pagination-nav-links-item js-wpv-pagination-nav-links-item page-item wpv-page-link-734-3 js-wpv-page-link-734-3\"><a class=\"wpv-filter-pagination-link js-wpv-pagination-link page-link\" title=\"3\" href=\"\/en\/wp-json\/wp\/v2\/pages\/156?wpv_view_count=734&#038;wpv_paged=3\" data-viewnumber=\"734\" data-page=\"3\">3<\/a><\/li><li class=\"wpv-pagination-nav-links-item js-wpv-pagination-nav-links-item page-item wpv-page-link-734-4 js-wpv-page-link-734-4\"><a class=\"wpv-filter-pagination-link js-wpv-pagination-link page-link\" title=\"4\" href=\"\/en\/wp-json\/wp\/v2\/pages\/156?wpv_view_count=734&#038;wpv_paged=4\" data-viewnumber=\"734\" data-page=\"4\">4<\/a><\/li><li class=\"wpv-pagination-nav-links-item js-wpv-pagination-nav-links-item page-item wpv-page-link-734-5 js-wpv-page-link-734-5\"><a class=\"wpv-filter-pagination-link js-wpv-pagination-link page-link\" title=\"5\" href=\"\/en\/wp-json\/wp\/v2\/pages\/156?wpv_view_count=734&#038;wpv_paged=5\" data-viewnumber=\"734\" data-page=\"5\">5<\/a><\/li><li class=\"wpv-pagination-nav-links-item js-wpv-pagination-nav-links-item page-item wpv-page-link-734-6 js-wpv-page-link-734-6\"><a class=\"wpv-filter-pagination-link js-wpv-pagination-link page-link\" title=\"6\" href=\"\/en\/wp-json\/wp\/v2\/pages\/156?wpv_view_count=734&#038;wpv_paged=6\" data-viewnumber=\"734\" data-page=\"6\">6<\/a><\/li><li class=\"wpv-pagination-nav-links-item js-wpv-pagination-nav-links-item page-item wpv-page-link-734-7 js-wpv-page-link-734-7\"><a class=\"wpv-filter-pagination-link js-wpv-pagination-link page-link\" title=\"7\" href=\"\/en\/wp-json\/wp\/v2\/pages\/156?wpv_view_count=734&#038;wpv_paged=7\" data-viewnumber=\"734\" data-page=\"7\">7<\/a><\/li><li class=\"wpv-pagination-nav-links-item js-wpv-pagination-nav-links-item page-item wpv-page-link-734-8 js-wpv-page-link-734-8\"><a class=\"wpv-filter-pagination-link js-wpv-pagination-link page-link\" title=\"8\" href=\"\/en\/wp-json\/wp\/v2\/pages\/156?wpv_view_count=734&#038;wpv_paged=8\" data-viewnumber=\"734\" data-page=\"8\">8<\/a><\/li><li class=\"wpv-pagination-nav-links-item js-wpv-pagination-nav-links-item page-item wpv-page-link-734-9 js-wpv-page-link-734-9\"><a class=\"wpv-filter-pagination-link js-wpv-pagination-link page-link\" title=\"9\" href=\"\/en\/wp-json\/wp\/v2\/pages\/156?wpv_view_count=734&#038;wpv_paged=9\" data-viewnumber=\"734\" data-page=\"9\">9<\/a><\/li><\/ul>\n<\/form>\n<div id=\"wpv-view-layout-734\" class=\"js-wpv-view-layout js-wpv-layout-responsive js-wpv-view-layout-734\" data-viewnumber=\"734\" data-pagination=\"{&quot;id&quot;:734,&quot;query&quot;:&quot;normal&quot;,&quot;type&quot;:&quot;paged&quot;,&quot;effect&quot;:&quot;fade&quot;,&quot;duration&quot;:500,&quot;speed&quot;:5,&quot;pause_on_hover&quot;:&quot;disabled&quot;,&quot;stop_rollover&quot;:&quot;false&quot;,&quot;cache_pages&quot;:&quot;enabled&quot;,&quot;preload_images&quot;:&quot;enabled&quot;,&quot;preload_pages&quot;:&quot;enabled&quot;,&quot;preload_reach&quot;:1,&quot;spinner&quot;:&quot;builtin&quot;,&quot;spinner_image&quot;:&quot;https:\/\/lawofficealeksic.rs\/wp-content\/plugins\/wp-views\/embedded\/res\/img\/ajax-loader.gif&quot;,&quot;callback_next&quot;:&quot;&quot;,&quot;manage_history&quot;:&quot;disabled&quot;,&quot;has_controls_in_form&quot;:&quot;enabled&quot;,&quot;infinite_tolerance&quot;:0,&quot;max_pages&quot;:9,&quot;page&quot;:1,&quot;base_permalink&quot;:&quot;\/en\/wp-json\/wp\/v2\/pages\/156?wpv_view_count=734&amp;wpv_paged=WPV_PAGE_NUM&quot;,&quot;loop&quot;:{&quot;type&quot;:&quot;&quot;,&quot;name&quot;:&quot;&quot;,&quot;data&quot;:[],&quot;id&quot;:0}}\" data-permalink=\"\/en\/wp-json\/wp\/v2\/pages\/156?wpv_view_count=734\">\n\n\t\n\t\n\t<div class=\"news-wrapper\">\n\t \n      <div class=\"news-item\">\n\t\t<div class=\"featured-image\" style=\"background-image: url(https:\/\/lawofficealeksic.rs\/wp-content\/uploads\/2025\/03\/kbf-2025.png)\"><\/div>\n<div class=\"info-wrapper\">\n<p class=\"title\"><a href=\"https:\/\/lawofficealeksic.rs\/en\/news\/platinum-sponsor-of-the-33-kopaonik-business-forum\/\">Aleksi\u0107 &amp; Associates Law Firm: Platinum Sponsor of the 33rd Kopaonik Business Forum<\/a><\/p>\n<div class=\"excerpt\"><p>We are proud to announce that Aleksi\u0107 Associates Law Firm has once again been Platinum Sponsor of the 33rd Kopaonik<\/p>\n<\/div>\n<p class=\"category\"><a href=\"https:\/\/lawofficealeksic.rs\/en\/category\/news\/\">News<\/a><\/p>\n<p class=\"date\">06.03.2026<\/p>\n<\/div>\n\n      <\/div>  \n\t \n      <div class=\"news-item\">\n\t\t<div class=\"featured-image\" style=\"background-image: url(https:\/\/lawofficealeksic.rs\/wp-content\/uploads\/2022\/09\/aleksic-thumbnail.jpeg)\"><\/div>\n<div class=\"info-wrapper\">\n<p class=\"title\"><a href=\"https:\/\/lawofficealeksic.rs\/en\/events\/aleksic-9th-serbian-insurance-days\/\">Participation of Representatives of Aleksic and Associates Law Office at the 9th Serbian Insurance Days<\/a><\/p>\n<div class=\"excerpt\"><p>Representatives of Aleksic and Associates Law Office \u2013 attorneys Nemanja Knezevic and Jovan Zagorcic \u2013 once again took an active<\/p>\n<\/div>\n<p class=\"category\"><a href=\"https:\/\/lawofficealeksic.rs\/en\/category\/events\/\">Events<\/a><\/p>\n<p class=\"date\">01.12.2025<\/p>\n<\/div>\n\n      <\/div>  \n\t \n      <div class=\"news-item\">\n\t\t<div class=\"featured-image\" style=\"background-image: url(https:\/\/lawofficealeksic.rs\/wp-content\/uploads\/2025\/05\/usa-today-interjvu-fotografija.webp)\"><\/div>\n<div class=\"info-wrapper\">\n<p class=\"title\"><a href=\"https:\/\/lawofficealeksic.rs\/en\/news\/usa-today-interview-with-phd-nemanja-aleksic\/\">USA TODAY &#8211; Interview With PhD Nemanja Aleksi\u0107<\/a><\/p>\n<div class=\"excerpt\"><p>We are honored to announce and share the interview with PhD Nemanja Aleksi\u0107, Managing partner of the Aleksi\u0107 &amp; Associates<\/p>\n<\/div>\n<p class=\"category\"><a href=\"https:\/\/lawofficealeksic.rs\/en\/category\/news\/\">News<\/a><\/p>\n<p class=\"date\">16.05.2025<\/p>\n<\/div>\n\n      <\/div>  \n\t \n      <div class=\"news-item\">\n\t\t<div class=\"featured-image\" style=\"background-image: url(https:\/\/lawofficealeksic.rs\/wp-content\/uploads\/2025\/03\/kopaonik_2025.png)\"><\/div>\n<div class=\"info-wrapper\">\n<p class=\"title\"><a href=\"https:\/\/lawofficealeksic.rs\/en\/news\/kopaonik-business-forum-2025\/\">XXXII KOPAONIK BUSINESS FORUM<\/a><\/p>\n<div class=\"excerpt\"><p>Representatives of the Aleksi\u0107 Law Office, along with their associates, participated as platinum sponsors at the 32nd annual Kopaonik Business<\/p>\n<\/div>\n<p class=\"category\"><a href=\"https:\/\/lawofficealeksic.rs\/en\/category\/news\/\">News<\/a><\/p>\n<p class=\"date\">05.03.2025<\/p>\n<\/div>\n\n      <\/div>  \n\t \n      <div class=\"news-item\">\n\t\t<div class=\"featured-image\" style=\"background-image: url(https:\/\/lawofficealeksic.rs\/wp-content\/uploads\/2024\/06\/businessman-hand-writing.jpg)\"><\/div>\n<div class=\"info-wrapper\">\n<p class=\"title\"><a href=\"https:\/\/lawofficealeksic.rs\/en\/events\/meeting-of-the-association-of-lawyers-in-the-economy-of-the-republic-serbia\/\">Meeting of the association of lawyers in the Economy of the Republic Serbia<\/a><\/p>\n<div class=\"excerpt\"><p>Lawyers from the Aleksi\u0107 Law Office with associates, Milana Tucovi\u0107 and Sofija Mari\u0107, participated at the 32nd Annual Conference on<\/p>\n<\/div>\n<p class=\"category\"><a href=\"https:\/\/lawofficealeksic.rs\/en\/category\/events\/\">Events<\/a><\/p>\n<p class=\"date\">13.06.2024<\/p>\n<\/div>\n\n      <\/div>  \n\t \n      <div class=\"news-item\">\n\t\t<div class=\"featured-image\" style=\"background-image: url(https:\/\/lawofficealeksic.rs\/wp-content\/uploads\/2024\/04\/31_kopaonik_aleksic.png)\"><\/div>\n<div class=\"info-wrapper\">\n<p class=\"title\"><a href=\"https:\/\/lawofficealeksic.rs\/en\/events\/31-kopaonik-business-forum\/\">Representatives of the Aleksi\u0107 law office with their associates participated in the 31. Kopaonik Business Forum<\/a><\/p>\n<div class=\"excerpt\"><p>Aleksic and Associates Law Office was Platinum Sponsor of The jubilee 31. Kopaonik Business Forum. Traditionally, Attorneys at Law of<\/p>\n<\/div>\n<p class=\"category\"><a href=\"https:\/\/lawofficealeksic.rs\/en\/category\/events\/\">Events<\/a><\/p>\n<p class=\"date\">20.04.2024<\/p>\n<\/div>\n\n      <\/div>  \n\t \n      <div class=\"news-item\">\n\t\t<div class=\"featured-image\" style=\"background-image: url(https:\/\/lawofficealeksic.rs\/wp-content\/uploads\/2022\/09\/aleksic-thumbnail.jpeg)\"><\/div>\n<div class=\"info-wrapper\">\n<p class=\"title\"><a href=\"https:\/\/lawofficealeksic.rs\/en\/events\/xxv-annual-counseling\/\">XXV Annual counseling<\/a><\/p>\n<div class=\"excerpt\"><p>The lawyers of the Aleksi\u0107&amp;associates law firm, Nemanja Kne\u017eevi\u0107 and Nikola Svilenga\u0107in, have participated in the 25th annual consultation on<\/p>\n<\/div>\n<p class=\"category\"><a href=\"https:\/\/lawofficealeksic.rs\/en\/category\/events\/\">Events<\/a><\/p>\n<p class=\"date\">20.04.2024<\/p>\n<\/div>\n\n      <\/div>  \n\t \n    <\/div> \n\t\n\t\n\t\n<\/div>\n\n<p>[\/et_pb_text][\/et_pb_column][et_pb_column type=&#8217;1_3&#8242;][et_pb_text admin_label=&#8217;Category&#8217; _builder_version=&#8217;3.17.1&#8242; header_2_text_color=&#8217;#808080&#8242; header_2_font_size=&#8217;45px&#8217; header_2_font=&#8217;Playfair Display|300|||||||&#8217;]<\/p>\n<h2>Categories<\/h2>\n<p>[\/et_pb_text][et_pb_text admin_label=&#8217;Category view&#8217; _builder_version=&#8217;3.17.1&#8242; custom_margin=&#8217;60px|||&#8217;]<\/p>\n\n\n\n<div id=\"wpv-view-layout-289\" class=\"js-wpv-view-layout js-wpv-layout-responsive js-wpv-view-layout-289\" data-viewnumber=\"289\" data-pagination=\"{&quot;id&quot;:289,&quot;query&quot;:&quot;normal&quot;,&quot;type&quot;:&quot;disabled&quot;,&quot;effect&quot;:&quot;fade&quot;,&quot;duration&quot;:500,&quot;speed&quot;:5,&quot;pause_on_hover&quot;:&quot;disabled&quot;,&quot;stop_rollover&quot;:&quot;false&quot;,&quot;cache_pages&quot;:&quot;enabled&quot;,&quot;preload_images&quot;:&quot;enabled&quot;,&quot;preload_pages&quot;:&quot;enabled&quot;,&quot;preload_reach&quot;:1,&quot;spinner&quot;:&quot;builtin&quot;,&quot;spinner_image&quot;:&quot;https:\/\/lawofficealeksic.rs\/wp-content\/plugins\/wp-views\/embedded\/res\/img\/ajax-loader.gif&quot;,&quot;callback_next&quot;:&quot;&quot;,&quot;manage_history&quot;:&quot;disabled&quot;,&quot;has_controls_in_form&quot;:&quot;disabled&quot;,&quot;infinite_tolerance&quot;:&quot;0&quot;,&quot;max_pages&quot;:1,&quot;page&quot;:1,&quot;base_permalink&quot;:&quot;\/en\/wp-json\/wp\/v2\/pages\/156?wpv_view_count=289&amp;wpv_paged=WPV_PAGE_NUM&quot;,&quot;loop&quot;:{&quot;type&quot;:&quot;&quot;,&quot;name&quot;:&quot;&quot;,&quot;data&quot;:[],&quot;id&quot;:0}}\" data-permalink=\"\/en\/wp-json\/wp\/v2\/pages\/156?wpv_view_count=289\">\n\n\t\n\t\n  <div class=\"taxonomy-sidebar-wrapper\">\n\t\n      <div class=\"taxonomy-sidebar-item\">\n\t\t<a href=\"\/en\/news\/?wpvcategory=publications\">Publications<\/a>\n      <\/div>\n\t\n      <div class=\"taxonomy-sidebar-item\">\n\t\t<a href=\"\/en\/news\/?wpvcategory=news\">News<\/a>\n      <\/div>\n\t\n      <div class=\"taxonomy-sidebar-item\">\n\t\t<a href=\"\/en\/news\/?wpvcategory=events\">Events<\/a>\n      <\/div>\n\t\n  <\/div>\n\t\n\t\n\t\n<\/div>\n\n<p>[\/et_pb_text][\/et_pb_column][\/et_pb_row][\/et_pb_section]<\/p>\n","protected":false},"excerpt":{"rendered":"<p>[et_pb_section bb_built=&#8217;1&#8242; _builder_version=&#8217;3.17.1&#8242; custom_css_main_element=&#8217;overflow: hidden;&#8217; custom_padding=&#8217;||80px|&#8217;][et_pb_row _builder_version=&#8217;3.17.1&#8242; padding_top_2=&#8217;20px&#8217; module_class_2=&#8217;news-sidebar&#8217; module_class=&#8217;news-row&#8217;][et_pb_column type=&#8217;2_3&#8242;][et_pb_text admin_label=&#8217;Header&#8217; _builder_version=&#8217;3.17.1&#8242; header_font=&#8217;Playfair Display||||||||&#8217; header_text_color=&#8217;#bb9b5f&#8217; header_font_size=&#8217;60px&#8217; header_line_height=&#8217;1.5em&#8217; custom_margin=&#8217;-14px||29px|&#8217;] News [\/et_pb_text][et_pb_text admin_label=&#8217;News view&#8217; _builder_version=&#8217;3.17.1&#8242;] 123456789 Aleksi\u0107 &amp; Associates Law Firm: Platinum Sponsor of the 33rd Kopaonik Business Forum We are proud to announce that Aleksi\u0107 Associates Law Firm has once again been Platinum Sponsor of [&hellip;]<\/p>\n","protected":false},"author":2,"featured_media":0,"parent":0,"menu_order":0,"comment_status":"closed","ping_status":"closed","template":"","meta":{"_et_pb_use_builder":"on","_et_pb_old_content":"","_et_gb_content_width":"","inline_featured_image":false,"footnotes":""},"class_list":["post-156","page","type-page","status-publish","hentry"],"yoast_head":"<!-- This site is optimized with the Yoast SEO Premium plugin v22.2 (Yoast SEO v27.3) - https:\/\/yoast.com\/product\/yoast-seo-premium-wordpress\/ -->\n<title>News - Advokatska Kancelarija Aleksi\u0107<\/title>\n<meta name=\"robots\" content=\"index, follow, max-snippet:-1, max-image-preview:large, max-video-preview:-1\" \/>\n<link rel=\"canonical\" href=\"https:\/\/lawofficealeksic.rs\/en\/news\/\" \/>\n<meta property=\"og:locale\" content=\"en_US\" \/>\n<meta property=\"og:type\" content=\"article\" \/>\n<meta property=\"og:title\" content=\"News\" \/>\n<meta property=\"og:description\" content=\"[et_pb_section bb_built=&#8217;1&#8242; _builder_version=&#8217;3.17.1&#8242; custom_css_main_element=&#8217;overflow: hidden;&#8217; custom_padding=&#8217;||80px|&#8217;][et_pb_row _builder_version=&#8217;3.17.1&#8242; padding_top_2=&#8217;20px&#8217; module_class_2=&#8217;news-sidebar&#8217; module_class=&#8217;news-row&#8217;][et_pb_column type=&#8217;2_3&#8242;][et_pb_text admin_label=&#8217;Header&#8217; _builder_version=&#8217;3.17.1&#8242; header_font=&#8217;Playfair Display||||||||&#8217; header_text_color=&#8217;#bb9b5f&#8217; header_font_size=&#8217;60px&#8217; header_line_height=&#8217;1.5em&#8217; custom_margin=&#8217;-14px||29px|&#8217;] News [\/et_pb_text][et_pb_text admin_label=&#8217;News view&#8217; _builder_version=&#8217;3.17.1&#8242;] 123456789 Aleksi\u0107 &amp; Associates Law Firm: Platinum Sponsor of the 33rd Kopaonik Business Forum We are proud to announce that Aleksi\u0107 Associates Law Firm has once again been Platinum Sponsor of [&hellip;]\" \/>\n<meta property=\"og:url\" content=\"https:\/\/lawofficealeksic.rs\/en\/news\/\" \/>\n<meta property=\"og:site_name\" content=\"Advokatska Kancelarija Aleksi\u0107\" \/>\n<meta property=\"article:modified_time\" content=\"2019-02-23T22:02:20+00:00\" \/>\n<meta name=\"twitter:card\" content=\"summary_large_image\" \/>\n<meta name=\"twitter:label1\" content=\"Est. reading time\" \/>\n\t<meta name=\"twitter:data1\" content=\"1 minute\" \/>\n<script type=\"application\/ld+json\" class=\"yoast-schema-graph\">{\"@context\":\"https:\\\/\\\/schema.org\",\"@graph\":[{\"@type\":\"WebPage\",\"@id\":\"https:\\\/\\\/lawofficealeksic.rs\\\/en\\\/news\\\/\",\"url\":\"https:\\\/\\\/lawofficealeksic.rs\\\/en\\\/news\\\/\",\"name\":\"News - Advokatska Kancelarija Aleksi\u0107\",\"isPartOf\":{\"@id\":\"https:\\\/\\\/lawofficealeksic.rs\\\/#website\"},\"datePublished\":\"2018-12-26T13:11:14+00:00\",\"dateModified\":\"2019-02-23T22:02:20+00:00\",\"breadcrumb\":{\"@id\":\"https:\\\/\\\/lawofficealeksic.rs\\\/en\\\/news\\\/#breadcrumb\"},\"inLanguage\":\"en-US\",\"potentialAction\":[{\"@type\":\"ReadAction\",\"target\":[\"https:\\\/\\\/lawofficealeksic.rs\\\/en\\\/news\\\/\"]}]},{\"@type\":\"BreadcrumbList\",\"@id\":\"https:\\\/\\\/lawofficealeksic.rs\\\/en\\\/news\\\/#breadcrumb\",\"itemListElement\":[{\"@type\":\"ListItem\",\"position\":1,\"name\":\"Home\",\"item\":\"https:\\\/\\\/lawofficealeksic.rs\\\/en\\\/\"},{\"@type\":\"ListItem\",\"position\":2,\"name\":\"News\"}]},{\"@type\":\"WebSite\",\"@id\":\"https:\\\/\\\/lawofficealeksic.rs\\\/#website\",\"url\":\"https:\\\/\\\/lawofficealeksic.rs\\\/\",\"name\":\"Advokatska Kancelarija Aleksi\u0107\",\"description\":\"\u0421\u0430\u043c\u043e \u0458\u043e\u0448 \u0458\u0435\u0434\u043d\u043e \u0412\u043e\u0440\u0434\u043f\u0440\u0435\u0441\u043e\u0432\u043e \u0432\u0435\u0431 \u043c\u0435\u0441\u0442\u043e\",\"potentialAction\":[{\"@type\":\"SearchAction\",\"target\":{\"@type\":\"EntryPoint\",\"urlTemplate\":\"https:\\\/\\\/lawofficealeksic.rs\\\/?s={search_term_string}\"},\"query-input\":{\"@type\":\"PropertyValueSpecification\",\"valueRequired\":true,\"valueName\":\"search_term_string\"}}],\"inLanguage\":\"en-US\"}]}<\/script>\n<!-- \/ Yoast SEO Premium plugin. -->","yoast_head_json":{"title":"News - Advokatska Kancelarija Aleksi\u0107","robots":{"index":"index","follow":"follow","max-snippet":"max-snippet:-1","max-image-preview":"max-image-preview:large","max-video-preview":"max-video-preview:-1"},"canonical":"https:\/\/lawofficealeksic.rs\/en\/news\/","og_locale":"en_US","og_type":"article","og_title":"News","og_description":"[et_pb_section bb_built=&#8217;1&#8242; _builder_version=&#8217;3.17.1&#8242; custom_css_main_element=&#8217;overflow: hidden;&#8217; custom_padding=&#8217;||80px|&#8217;][et_pb_row _builder_version=&#8217;3.17.1&#8242; padding_top_2=&#8217;20px&#8217; module_class_2=&#8217;news-sidebar&#8217; module_class=&#8217;news-row&#8217;][et_pb_column type=&#8217;2_3&#8242;][et_pb_text admin_label=&#8217;Header&#8217; _builder_version=&#8217;3.17.1&#8242; header_font=&#8217;Playfair Display||||||||&#8217; header_text_color=&#8217;#bb9b5f&#8217; header_font_size=&#8217;60px&#8217; header_line_height=&#8217;1.5em&#8217; custom_margin=&#8217;-14px||29px|&#8217;] News [\/et_pb_text][et_pb_text admin_label=&#8217;News view&#8217; _builder_version=&#8217;3.17.1&#8242;] 123456789 Aleksi\u0107 &amp; Associates Law Firm: Platinum Sponsor of the 33rd Kopaonik Business Forum We are proud to announce that Aleksi\u0107 Associates Law Firm has once again been Platinum Sponsor of [&hellip;]","og_url":"https:\/\/lawofficealeksic.rs\/en\/news\/","og_site_name":"Advokatska Kancelarija Aleksi\u0107","article_modified_time":"2019-02-23T22:02:20+00:00","twitter_card":"summary_large_image","twitter_misc":{"Est. reading time":"1 minute"},"schema":{"@context":"https:\/\/schema.org","@graph":[{"@type":"WebPage","@id":"https:\/\/lawofficealeksic.rs\/en\/news\/","url":"https:\/\/lawofficealeksic.rs\/en\/news\/","name":"News - Advokatska Kancelarija Aleksi\u0107","isPartOf":{"@id":"https:\/\/lawofficealeksic.rs\/#website"},"datePublished":"2018-12-26T13:11:14+00:00","dateModified":"2019-02-23T22:02:20+00:00","breadcrumb":{"@id":"https:\/\/lawofficealeksic.rs\/en\/news\/#breadcrumb"},"inLanguage":"en-US","potentialAction":[{"@type":"ReadAction","target":["https:\/\/lawofficealeksic.rs\/en\/news\/"]}]},{"@type":"BreadcrumbList","@id":"https:\/\/lawofficealeksic.rs\/en\/news\/#breadcrumb","itemListElement":[{"@type":"ListItem","position":1,"name":"Home","item":"https:\/\/lawofficealeksic.rs\/en\/"},{"@type":"ListItem","position":2,"name":"News"}]},{"@type":"WebSite","@id":"https:\/\/lawofficealeksic.rs\/#website","url":"https:\/\/lawofficealeksic.rs\/","name":"Advokatska Kancelarija Aleksi\u0107","description":"\u0421\u0430\u043c\u043e \u0458\u043e\u0448 \u0458\u0435\u0434\u043d\u043e \u0412\u043e\u0440\u0434\u043f\u0440\u0435\u0441\u043e\u0432\u043e \u0432\u0435\u0431 \u043c\u0435\u0441\u0442\u043e","potentialAction":[{"@type":"SearchAction","target":{"@type":"EntryPoint","urlTemplate":"https:\/\/lawofficealeksic.rs\/?s={search_term_string}"},"query-input":{"@type":"PropertyValueSpecification","valueRequired":true,"valueName":"search_term_string"}}],"inLanguage":"en-US"}]}},"_links":{"self":[{"href":"https:\/\/lawofficealeksic.rs\/en\/wp-json\/wp\/v2\/pages\/156","targetHints":{"allow":["GET"]}}],"collection":[{"href":"https:\/\/lawofficealeksic.rs\/en\/wp-json\/wp\/v2\/pages"}],"about":[{"href":"https:\/\/lawofficealeksic.rs\/en\/wp-json\/wp\/v2\/types\/page"}],"author":[{"embeddable":true,"href":"https:\/\/lawofficealeksic.rs\/en\/wp-json\/wp\/v2\/users\/2"}],"replies":[{"embeddable":true,"href":"https:\/\/lawofficealeksic.rs\/en\/wp-json\/wp\/v2\/comments?post=156"}],"version-history":[{"count":0,"href":"https:\/\/lawofficealeksic.rs\/en\/wp-json\/wp\/v2\/pages\/156\/revisions"}],"wp:attachment":[{"href":"https:\/\/lawofficealeksic.rs\/en\/wp-json\/wp\/v2\/media?parent=156"}],"curies":[{"name":"wp","href":"https:\/\/api.w.org\/{rel}","templated":true}]}}